{"id":82868,"date":"2022-07-01T12:29:30","date_gmt":"2022-07-01T12:29:30","guid":{"rendered":"https:\/\/www.vetroresina.com\/produkte\/porte-e-celle-frigorifere\/"},"modified":"2023-01-23T12:05:05","modified_gmt":"2023-01-23T12:05:05","slug":"kuehlraeume-und-tueren","status":"publish","type":"page","link":"https:\/\/www.vetroresina.com\/de\/industrielaminate\/kuehlraeume-und-tueren\/","title":{"rendered":"K\u00fchlr\u00e4ume und T\u00fcren"},"content":{"rendered":"\t\t<div data-elementor-type=\"wp-page\" data-elementor-id=\"82868\" class=\"elementor elementor-82868 elementor-76950\" data-elementor-post-type=\"page\">\n\t\t\t\t\t\t<section class=\"elementor-section elementor-top-section elementor-element elementor-element-58f877e elementor-section-content-middle elementor-reverse-mobile elementor-section-boxed elementor-section-height-default elementor-section-height-default\" data-id=\"58f877e\" data-element_type=\"section\" data-e-type=\"section\">\n\t\t\t\t\t\t<div class=\"elementor-container elementor-column-gap-default\">\n\t\t\t\t\t<div class=\" elementor-column elementor-col-50 elementor-top-column elementor-element elementor-element-023ab86\" data-fullscreen-column-settings=\"{&quot;fullscreen&quot;:&quot;&quot;}\" data-id=\"023ab86\" data-element_type=\"column\" data-e-type=\"column\">\n\t\t\t<div class=\"elementor-widget-wrap elementor-element-populated\">\n\t\t\t\t\t\t<div class=\"elementor-element elementor-element-a753d2b elementor-widget elementor-widget-litho-heading\" data-id=\"a753d2b\" data-element_type=\"widget\" data-e-type=\"widget\" data-widget_type=\"litho-heading.default\">\n\t\t\t\t<div class=\"elementor-widget-container\">\n\t\t\t\t\t<h4 class=\"litho-heading elementor-size-default\"><span class=\"litho-primary-title\">T\u00dcREN<\/span><\/h4>\t\t\t\t<\/div>\n\t\t\t\t<\/div>\n\t\t\t\t\t<\/div>\n\t\t<\/div>\n\t\t\t\t<div class=\" elementor-column elementor-col-50 elementor-top-column elementor-element elementor-element-2d4b342\" data-fullscreen-column-settings=\"{&quot;fullscreen&quot;:&quot;&quot;}\" data-id=\"2d4b342\" data-element_type=\"column\" data-e-type=\"column\">\n\t\t\t<div class=\"elementor-widget-wrap elementor-element-populated\">\n\t\t\t\t\t\t<div class=\"elementor-element elementor-element-ceeb4c7 elementor-align-right elementor-mobile-align-left elementor-widget elementor-widget-litho-button\" data-id=\"ceeb4c7\" data-element_type=\"widget\" data-e-type=\"widget\" data-widget_type=\"litho-button.default\">\n\t\t\t\t<div class=\"elementor-widget-container\">\n\t\t\t\t\t\t\t\t\t<div class=\"elementor-button-wrapper litho-button-wrapper\">\n\t\t\t\t\t<a class=\"elementor-button-link elementor-button elementor-size-md \" href=\"https:\/\/www.vetroresina.com\/de\/produkte\/\" role=\"button\">\n\t\t\t\t\t\t\t\t\t<span class=\"elementor-button-content-wrapper\">\n\t\t\t\t\t\t\t\t\t\t\t\t\t<span class=\"elementor-button-text\">ZUR\u00dcCK ZU DEN PRODUKTEN<\/span>\n\t\t\t\t\t\t\t<\/span>\n\t\t\t\t\t\t\t\t<\/a>\n\t\t\t\t<\/div>\n\t\t\t\t\t\t\t<\/div>\n\t\t\t\t<\/div>\n\t\t\t\t\t<\/div>\n\t\t<\/div>\n\t\t\t\t\t<\/div>\n\t\t<\/section>\n\t\t\t\t<section class=\"elementor-section elementor-top-section elementor-element elementor-element-0ae9284 elementor-section-boxed elementor-section-height-default elementor-section-height-default\" data-id=\"0ae9284\" data-element_type=\"section\" data-e-type=\"section\">\n\t\t\t\t\t\t<div class=\"elementor-container elementor-column-gap-default\">\n\t\t\t\t\t<div class=\" elementor-column elementor-col-100 elementor-top-column elementor-element elementor-element-fac2d61\" data-fullscreen-column-settings=\"{&quot;fullscreen&quot;:&quot;&quot;}\" data-id=\"fac2d61\" data-element_type=\"column\" data-e-type=\"column\">\n\t\t\t<div class=\"elementor-widget-wrap elementor-element-populated\">\n\t\t\t\t\t\t<div class=\"elementor-element elementor-element-4e383a3 elementor-widget elementor-widget-litho-portfolio\" data-id=\"4e383a3\" data-element_type=\"widget\" data-e-type=\"widget\" data-settings=\"{&quot;litho_portfolio_style&quot;:&quot;portfolio-switch&quot;}\" data-widget_type=\"litho-portfolio.default\">\n\t\t\t\t<div class=\"elementor-widget-container\">\n\t\t\t\t\t<div class=\"filter-content\"><ul class=\"portfolio-switch portfolio-wrap portfolio-grid grid grid-loading portfolio-grid-with-filter grid-4col xs-grid-2col\" data-filter-status=\"yes\" data-portfolio-settings=\"{&quot;pagination_type&quot;:&quot;&quot;}\">\n\t\t\t\t<li class=\"grid-sizer\"><\/li>\t\t\t\t\t\t\t\t\t<li class=\"portfolio-item grid-item portfolio-filter-203 portfolio-filter-204 portfolio-filter-205 portfolio-filter-206 portfolio-filter-207 portfolio-filter-208 portfolio-filter-209 portfolio-filter-210 portfolio-filter-211 portfolio-filter-212 portfolio-filter-213 portfolio-filter-214 portfolio-filter-215 \">\n\t\t\t\t\t\t\t\t\t\t\t\t\t\t\t\t\t\t\t\t<a href=\"https:\/\/www.vetroresina.com\/de\/prodotti-categorie\/gmat-jmat\/\" target=\"_self\">\n\t\t\t\t\t\t\t\t\t\t\t\t\t\t\t\t\t\t\t\t<figure >\n\t\t\t\t\t\t\t\t\t\t\t<div class=\"portfolio-image\">\n\t\t\t\t\t\t\t\t\t\t\t\t<img fetchpriority=\"high\" decoding=\"async\" width=\"1058\" height=\"1497\" src=\"https:\/\/www.vetroresina.com\/wp-content\/uploads\/2020\/03\/Vetroresina_Gmat_Jmat-FR_DE-1-pdf.jpg\" class=\"attachment-full size-full wp-post-image\" alt=\"Vetroresina_Gmat_Jmat-FR_DE\" \/>\t\t\t\t\t\t\t\t\t\t\t<\/div>\n\t\t\t\t\t\t\t\t\t\t\t\t\t\t\t\t\t\t\t\t\t\t\t<figcaption>\n\t\t\t\t\t\t\t\t\t\t\t\t\t<div class=\"portfolio-caption\">\n\t\t\t\t\t\t\t\t\t\t\t\t\t\t\t\t\t\t\t\t\t\t\t\t\t\t\t\t\t<span class=\"title\">G-MAT \/ J-MAT<\/span>\n\t\t\t\t\t\t\t\t\t\t\t\t\t\t\t\t\t\t\t\t\t\t\t\t\t\t\t\t\t\t\t\t\t\t\t\t\t\t\t\t\t<\/div>\n\t\t\t\t\t\t\t\t\t\t\t\t<\/figcaption>\n\t\t\t\t\t\t\t\t\t\t\t\t\t\t\t\t\t\t\t\t\t<\/figure>\n\t\t\t\t\t\t\t\t\t\t\t\t\t\t\t\t\t\t\t\t<\/a>\n\t\t\t\t\t\t\t\t\t\t\t\t\t\t\t\t\t\t\t<\/li>\n\t\t\t\t\t\t\t\t\t\t\t\t\t\t\t\t\t\t<li class=\"portfolio-item grid-item portfolio-filter-203 portfolio-filter-204 portfolio-filter-205 portfolio-filter-206 portfolio-filter-207 portfolio-filter-208 portfolio-filter-209 portfolio-filter-211 portfolio-filter-212 portfolio-filter-213 portfolio-filter-215 \">\n\t\t\t\t\t\t\t\t\t\t\t\t\t\t\t\t\t\t\t\t<a href=\"https:\/\/www.vetroresina.com\/de\/prodotti-categorie\/g-force-j-force\/\" target=\"_self\">\n\t\t\t\t\t\t\t\t\t\t\t\t\t\t\t\t\t\t\t\t<figure >\n\t\t\t\t\t\t\t\t\t\t\t<div class=\"portfolio-image\">\n\t\t\t\t\t\t\t\t\t\t\t\t<img decoding=\"async\" width=\"1058\" height=\"1497\" src=\"https:\/\/www.vetroresina.com\/wp-content\/uploads\/2022\/07\/Vetroresina_Gforce_Jforce_FR_DE-1-pdf.jpg\" class=\"attachment-full size-full wp-post-image\" alt=\"Vetroresina_Gforce_Jforce_FR_DE\" \/>\t\t\t\t\t\t\t\t\t\t\t<\/div>\n\t\t\t\t\t\t\t\t\t\t\t\t\t\t\t\t\t\t\t\t\t\t\t<figcaption>\n\t\t\t\t\t\t\t\t\t\t\t\t\t<div class=\"portfolio-caption\">\n\t\t\t\t\t\t\t\t\t\t\t\t\t\t\t\t\t\t\t\t\t\t\t\t\t\t\t\t\t<span class=\"title\">G-FORCE\/J-FORCE<\/span>\n\t\t\t\t\t\t\t\t\t\t\t\t\t\t\t\t\t\t\t\t\t\t\t\t\t\t\t\t\t\t\t\t\t\t\t\t\t\t\t\t\t<\/div>\n\t\t\t\t\t\t\t\t\t\t\t\t<\/figcaption>\n\t\t\t\t\t\t\t\t\t\t\t\t\t\t\t\t\t\t\t\t\t<\/figure>\n\t\t\t\t\t\t\t\t\t\t\t\t\t\t\t\t\t\t\t\t<\/a>\n\t\t\t\t\t\t\t\t\t\t\t\t\t\t\t\t\t\t\t<\/li>\n\t\t\t\t\t\t\t\t\t\t\t\t\t\t\t\t\t\t<li class=\"portfolio-item grid-item portfolio-filter-203 portfolio-filter-204 portfolio-filter-205 portfolio-filter-207 portfolio-filter-208 portfolio-filter-211 portfolio-filter-212 portfolio-filter-215 \">\n\t\t\t\t\t\t\t\t\t\t\t\t\t\t\t\t\t\t\t\t<a href=\"https:\/\/www.vetroresina.com\/de\/prodotti-categorie\/vetro-mat-vetro-force-vetro-lite\/\" target=\"_self\">\n\t\t\t\t\t\t\t\t\t\t\t\t\t\t\t\t\t\t\t\t<figure >\n\t\t\t\t\t\t\t\t\t\t\t<div class=\"portfolio-image\">\n\t\t\t\t\t\t\t\t\t\t\t\t<img decoding=\"async\" width=\"1058\" height=\"1497\" src=\"https:\/\/www.vetroresina.com\/wp-content\/uploads\/2022\/03\/Vetroresina_Vetrolite_Mat_ForceFR_DE-1-pdf.jpg\" class=\"attachment-full size-full wp-post-image\" alt=\"Vetroresina_Vetrolite_Mat_ForceFR_DE\" \/>\t\t\t\t\t\t\t\t\t\t\t<\/div>\n\t\t\t\t\t\t\t\t\t\t\t\t\t\t\t\t\t\t\t\t\t\t\t<figcaption>\n\t\t\t\t\t\t\t\t\t\t\t\t\t<div class=\"portfolio-caption\">\n\t\t\t\t\t\t\t\t\t\t\t\t\t\t\t\t\t\t\t\t\t\t\t\t\t\t\t\t\t<span class=\"title\">VETRO-MAT LD\/VETRO-FORCE LD\/VETRO-LITE<\/span>\n\t\t\t\t\t\t\t\t\t\t\t\t\t\t\t\t\t\t\t\t\t\t\t\t\t\t\t\t\t\t\t\t\t\t\t\t\t\t\t\t\t<\/div>\n\t\t\t\t\t\t\t\t\t\t\t\t<\/figcaption>\n\t\t\t\t\t\t\t\t\t\t\t\t\t\t\t\t\t\t\t\t\t<\/figure>\n\t\t\t\t\t\t\t\t\t\t\t\t\t\t\t\t\t\t\t\t<\/a>\n\t\t\t\t\t\t\t\t\t\t\t\t\t\t\t\t\t\t\t<\/li>\n\t\t\t\t\t\t\t\t\t\t\t\t\t\t\t\t\t\t<li class=\"portfolio-item grid-item portfolio-filter-206 portfolio-filter-211 portfolio-filter-212 \">\n\t\t\t\t\t\t\t\t\t\t\t\t\t\t\t\t\t\t\t\t<a href=\"https:\/\/www.vetroresina.com\/de\/prodotti-categorie\/vetro-guardian\/\" target=\"_self\">\n\t\t\t\t\t\t\t\t\t\t\t\t\t\t\t\t\t\t\t\t<figure >\n\t\t\t\t\t\t\t\t\t\t\t<div class=\"portfolio-image\">\n\t\t\t\t\t\t\t\t\t\t\t\t<img loading=\"lazy\" decoding=\"async\" width=\"1058\" height=\"1497\" src=\"https:\/\/www.vetroresina.com\/wp-content\/uploads\/2022\/03\/Vetroresina_Vetro_Guardian_FRDE-1-pdf.jpg\" class=\"attachment-full size-full wp-post-image\" alt=\"Vetroresina_Vetro_Guardian_FRDE\" \/>\t\t\t\t\t\t\t\t\t\t\t<\/div>\n\t\t\t\t\t\t\t\t\t\t\t\t\t\t\t\t\t\t\t\t\t\t\t<figcaption>\n\t\t\t\t\t\t\t\t\t\t\t\t\t<div class=\"portfolio-caption\">\n\t\t\t\t\t\t\t\t\t\t\t\t\t\t\t\t\t\t\t\t\t\t\t\t\t\t\t\t\t<span class=\"title\">VETRO GUARDIAN<\/span>\n\t\t\t\t\t\t\t\t\t\t\t\t\t\t\t\t\t\t\t\t\t\t\t\t\t\t\t\t\t\t\t\t\t\t\t\t\t\t\t\t\t<\/div>\n\t\t\t\t\t\t\t\t\t\t\t\t<\/figcaption>\n\t\t\t\t\t\t\t\t\t\t\t\t\t\t\t\t\t\t\t\t\t<\/figure>\n\t\t\t\t\t\t\t\t\t\t\t\t\t\t\t\t\t\t\t\t<\/a>\n\t\t\t\t\t\t\t\t\t\t\t\t\t\t\t\t\t\t\t<\/li>\n\t\t\t\t\t\t\t\t\t<\/ul><\/div>\t\t\t\t<\/div>\n\t\t\t\t<\/div>\n\t\t\t\t\t<\/div>\n\t\t<\/div>\n\t\t\t\t\t<\/div>\n\t\t<\/section>\n\t\t\t\t<section class=\"elementor-section elementor-top-section elementor-element elementor-element-1478139 elementor-section-boxed elementor-section-height-default elementor-section-height-default\" data-id=\"1478139\" data-element_type=\"section\" data-e-type=\"section\">\n\t\t\t\t\t\t<div class=\"elementor-container elementor-column-gap-default\">\n\t\t\t\t\t<div class=\" elementor-column elementor-col-100 elementor-top-column elementor-element elementor-element-d461fec\" data-fullscreen-column-settings=\"{&quot;fullscreen&quot;:&quot;&quot;}\" data-id=\"d461fec\" data-element_type=\"column\" data-e-type=\"column\">\n\t\t\t<div class=\"elementor-widget-wrap elementor-element-populated\">\n\t\t\t\t\t\t<div class=\"elementor-element elementor-element-4caaa91 elementor-widget elementor-widget-litho-heading\" data-id=\"4caaa91\" data-element_type=\"widget\" data-e-type=\"widget\" data-widget_type=\"litho-heading.default\">\n\t\t\t\t<div class=\"elementor-widget-container\">\n\t\t\t\t\t<h4 class=\"litho-heading elementor-size-default\"><span class=\"litho-primary-title\">W\u00c4NDE<\/span><\/h4>\t\t\t\t<\/div>\n\t\t\t\t<\/div>\n\t\t\t\t<div class=\"elementor-element elementor-element-7c943dc elementor-widget elementor-widget-litho-portfolio\" data-id=\"7c943dc\" data-element_type=\"widget\" data-e-type=\"widget\" data-settings=\"{&quot;litho_portfolio_style&quot;:&quot;portfolio-switch&quot;}\" data-widget_type=\"litho-portfolio.default\">\n\t\t\t\t<div class=\"elementor-widget-container\">\n\t\t\t\t\t<div class=\"filter-content\"><ul class=\"portfolio-switch portfolio-wrap portfolio-grid grid grid-loading portfolio-grid-with-filter grid-4col xs-grid-2col\" data-filter-status=\"yes\" data-portfolio-settings=\"{&quot;pagination_type&quot;:&quot;&quot;}\">\n\t\t\t\t<li class=\"grid-sizer\"><\/li>\t\t\t\t\t\t\t\t\t<li class=\"portfolio-item grid-item portfolio-filter-203 portfolio-filter-204 portfolio-filter-205 portfolio-filter-206 portfolio-filter-207 portfolio-filter-208 portfolio-filter-209 portfolio-filter-210 portfolio-filter-211 portfolio-filter-212 portfolio-filter-213 portfolio-filter-214 portfolio-filter-215 \">\n\t\t\t\t\t\t\t\t\t\t\t\t\t\t\t\t\t\t\t\t<a href=\"https:\/\/www.vetroresina.com\/de\/prodotti-categorie\/gmat-jmat\/\" target=\"_self\">\n\t\t\t\t\t\t\t\t\t\t\t\t\t\t\t\t\t\t\t\t<figure >\n\t\t\t\t\t\t\t\t\t\t\t<div class=\"portfolio-image\">\n\t\t\t\t\t\t\t\t\t\t\t\t<img fetchpriority=\"high\" decoding=\"async\" width=\"1058\" height=\"1497\" src=\"https:\/\/www.vetroresina.com\/wp-content\/uploads\/2020\/03\/Vetroresina_Gmat_Jmat-FR_DE-1-pdf.jpg\" class=\"attachment-full size-full wp-post-image\" alt=\"Vetroresina_Gmat_Jmat-FR_DE\" \/>\t\t\t\t\t\t\t\t\t\t\t<\/div>\n\t\t\t\t\t\t\t\t\t\t\t\t\t\t\t\t\t\t\t\t\t\t\t<figcaption>\n\t\t\t\t\t\t\t\t\t\t\t\t\t<div class=\"portfolio-caption\">\n\t\t\t\t\t\t\t\t\t\t\t\t\t\t\t\t\t\t\t\t\t\t\t\t\t\t\t\t\t<span class=\"title\">G-MAT \/ J-MAT<\/span>\n\t\t\t\t\t\t\t\t\t\t\t\t\t\t\t\t\t\t\t\t\t\t\t\t\t\t\t\t\t\t\t\t\t\t\t\t\t\t\t\t\t<\/div>\n\t\t\t\t\t\t\t\t\t\t\t\t<\/figcaption>\n\t\t\t\t\t\t\t\t\t\t\t\t\t\t\t\t\t\t\t\t\t<\/figure>\n\t\t\t\t\t\t\t\t\t\t\t\t\t\t\t\t\t\t\t\t<\/a>\n\t\t\t\t\t\t\t\t\t\t\t\t\t\t\t\t\t\t\t<\/li>\n\t\t\t\t\t\t\t\t\t\t\t\t\t\t\t\t\t\t<li class=\"portfolio-item grid-item portfolio-filter-203 portfolio-filter-204 portfolio-filter-205 portfolio-filter-206 portfolio-filter-207 portfolio-filter-208 portfolio-filter-209 portfolio-filter-211 portfolio-filter-212 portfolio-filter-213 portfolio-filter-215 \">\n\t\t\t\t\t\t\t\t\t\t\t\t\t\t\t\t\t\t\t\t<a href=\"https:\/\/www.vetroresina.com\/de\/prodotti-categorie\/g-force-j-force\/\" target=\"_self\">\n\t\t\t\t\t\t\t\t\t\t\t\t\t\t\t\t\t\t\t\t<figure >\n\t\t\t\t\t\t\t\t\t\t\t<div class=\"portfolio-image\">\n\t\t\t\t\t\t\t\t\t\t\t\t<img decoding=\"async\" width=\"1058\" height=\"1497\" src=\"https:\/\/www.vetroresina.com\/wp-content\/uploads\/2022\/07\/Vetroresina_Gforce_Jforce_FR_DE-1-pdf.jpg\" class=\"attachment-full size-full wp-post-image\" alt=\"Vetroresina_Gforce_Jforce_FR_DE\" \/>\t\t\t\t\t\t\t\t\t\t\t<\/div>\n\t\t\t\t\t\t\t\t\t\t\t\t\t\t\t\t\t\t\t\t\t\t\t<figcaption>\n\t\t\t\t\t\t\t\t\t\t\t\t\t<div class=\"portfolio-caption\">\n\t\t\t\t\t\t\t\t\t\t\t\t\t\t\t\t\t\t\t\t\t\t\t\t\t\t\t\t\t<span class=\"title\">G-FORCE\/J-FORCE<\/span>\n\t\t\t\t\t\t\t\t\t\t\t\t\t\t\t\t\t\t\t\t\t\t\t\t\t\t\t\t\t\t\t\t\t\t\t\t\t\t\t\t\t<\/div>\n\t\t\t\t\t\t\t\t\t\t\t\t<\/figcaption>\n\t\t\t\t\t\t\t\t\t\t\t\t\t\t\t\t\t\t\t\t\t<\/figure>\n\t\t\t\t\t\t\t\t\t\t\t\t\t\t\t\t\t\t\t\t<\/a>\n\t\t\t\t\t\t\t\t\t\t\t\t\t\t\t\t\t\t\t<\/li>\n\t\t\t\t\t\t\t\t\t\t\t\t\t\t\t\t\t\t<li class=\"portfolio-item grid-item portfolio-filter-206 portfolio-filter-211 portfolio-filter-212 \">\n\t\t\t\t\t\t\t\t\t\t\t\t\t\t\t\t\t\t\t\t<a href=\"https:\/\/www.vetroresina.com\/de\/prodotti-categorie\/vetro-guardian\/\" target=\"_self\">\n\t\t\t\t\t\t\t\t\t\t\t\t\t\t\t\t\t\t\t\t<figure >\n\t\t\t\t\t\t\t\t\t\t\t<div class=\"portfolio-image\">\n\t\t\t\t\t\t\t\t\t\t\t\t<img loading=\"lazy\" decoding=\"async\" width=\"1058\" height=\"1497\" src=\"https:\/\/www.vetroresina.com\/wp-content\/uploads\/2022\/03\/Vetroresina_Vetro_Guardian_FRDE-1-pdf.jpg\" class=\"attachment-full size-full wp-post-image\" alt=\"Vetroresina_Vetro_Guardian_FRDE\" \/>\t\t\t\t\t\t\t\t\t\t\t<\/div>\n\t\t\t\t\t\t\t\t\t\t\t\t\t\t\t\t\t\t\t\t\t\t\t<figcaption>\n\t\t\t\t\t\t\t\t\t\t\t\t\t<div class=\"portfolio-caption\">\n\t\t\t\t\t\t\t\t\t\t\t\t\t\t\t\t\t\t\t\t\t\t\t\t\t\t\t\t\t<span class=\"title\">VETRO GUARDIAN<\/span>\n\t\t\t\t\t\t\t\t\t\t\t\t\t\t\t\t\t\t\t\t\t\t\t\t\t\t\t\t\t\t\t\t\t\t\t\t\t\t\t\t\t<\/div>\n\t\t\t\t\t\t\t\t\t\t\t\t<\/figcaption>\n\t\t\t\t\t\t\t\t\t\t\t\t\t\t\t\t\t\t\t\t\t<\/figure>\n\t\t\t\t\t\t\t\t\t\t\t\t\t\t\t\t\t\t\t\t<\/a>\n\t\t\t\t\t\t\t\t\t\t\t\t\t\t\t\t\t\t\t<\/li>\n\t\t\t\t\t\t\t\t\t\t\t\t\t\t\t\t\t\t<li class=\"portfolio-item grid-item portfolio-filter-206 portfolio-filter-212 \">\n\t\t\t\t\t\t\t\t\t\t\t\t\t\t\t\t\t\t\t\t<a href=\"https:\/\/www.vetroresina.com\/de\/prodotti-categorie\/vetrowing\/\" target=\"_self\">\n\t\t\t\t\t\t\t\t\t\t\t\t\t\t\t\t\t\t\t\t<figure >\n\t\t\t\t\t\t\t\t\t\t\t<div class=\"portfolio-image\">\n\t\t\t\t\t\t\t\t\t\t\t\t<img loading=\"lazy\" decoding=\"async\" width=\"1058\" height=\"1497\" src=\"https:\/\/www.vetroresina.com\/wp-content\/uploads\/2022\/07\/Vetroresina_Vetrowing_FR_DE-1-pdf.jpg\" class=\"attachment-full size-full wp-post-image\" alt=\"Vetroresina_Vetrowing_FR_DE\" \/>\t\t\t\t\t\t\t\t\t\t\t<\/div>\n\t\t\t\t\t\t\t\t\t\t\t\t\t\t\t\t\t\t\t\t\t\t\t<figcaption>\n\t\t\t\t\t\t\t\t\t\t\t\t\t<div class=\"portfolio-caption\">\n\t\t\t\t\t\t\t\t\t\t\t\t\t\t\t\t\t\t\t\t\t\t\t\t\t\t\t\t\t<span class=\"title\">VETROWING<\/span>\n\t\t\t\t\t\t\t\t\t\t\t\t\t\t\t\t\t\t\t\t\t\t\t\t\t\t\t\t\t\t\t\t\t\t\t\t\t\t\t\t\t<\/div>\n\t\t\t\t\t\t\t\t\t\t\t\t<\/figcaption>\n\t\t\t\t\t\t\t\t\t\t\t\t\t\t\t\t\t\t\t\t\t<\/figure>\n\t\t\t\t\t\t\t\t\t\t\t\t\t\t\t\t\t\t\t\t<\/a>\n\t\t\t\t\t\t\t\t\t\t\t\t\t\t\t\t\t\t\t<\/li>\n\t\t\t\t\t\t\t\t\t<\/ul><\/div>\t\t\t\t<\/div>\n\t\t\t\t<\/div>\n\t\t\t\t\t<\/div>\n\t\t<\/div>\n\t\t\t\t\t<\/div>\n\t\t<\/section>\n\t\t\t\t<section class=\"elementor-section elementor-top-section elementor-element elementor-element-11855fa elementor-section-boxed elementor-section-height-default elementor-section-height-default\" data-id=\"11855fa\" data-element_type=\"section\" data-e-type=\"section\">\n\t\t\t\t\t\t<div class=\"elementor-container elementor-column-gap-default\">\n\t\t\t\t\t<div class=\" elementor-column elementor-col-100 elementor-top-column elementor-element elementor-element-b662c43\" data-fullscreen-column-settings=\"{&quot;fullscreen&quot;:&quot;&quot;}\" data-id=\"b662c43\" data-element_type=\"column\" data-e-type=\"column\">\n\t\t\t<div class=\"elementor-widget-wrap elementor-element-populated\">\n\t\t\t\t\t\t<div class=\"elementor-element elementor-element-1f7dcd7 elementor-widget elementor-widget-litho-heading\" data-id=\"1f7dcd7\" data-element_type=\"widget\" data-e-type=\"widget\" data-widget_type=\"litho-heading.default\">\n\t\t\t\t<div class=\"elementor-widget-container\">\n\t\t\t\t\t<h4 class=\"litho-heading elementor-size-default\"><span class=\"litho-primary-title\">OBERSEITE BODEN<\/span><\/h4>\t\t\t\t<\/div>\n\t\t\t\t<\/div>\n\t\t\t\t<div class=\"elementor-element elementor-element-f0e1e2b elementor-widget elementor-widget-litho-portfolio\" data-id=\"f0e1e2b\" data-element_type=\"widget\" data-e-type=\"widget\" data-settings=\"{&quot;litho_portfolio_style&quot;:&quot;portfolio-switch&quot;}\" data-widget_type=\"litho-portfolio.default\">\n\t\t\t\t<div class=\"elementor-widget-container\">\n\t\t\t\t\t<div class=\"filter-content\"><ul class=\"portfolio-switch portfolio-wrap portfolio-grid grid grid-loading portfolio-grid-with-filter grid-4col xs-grid-2col\" data-filter-status=\"yes\" data-portfolio-settings=\"{&quot;pagination_type&quot;:&quot;&quot;}\">\n\t\t\t\t<li class=\"grid-sizer\"><\/li>\t\t\t\t\t\t\t\t\t<li class=\"portfolio-item grid-item portfolio-filter-203 portfolio-filter-204 portfolio-filter-205 portfolio-filter-206 portfolio-filter-207 portfolio-filter-208 portfolio-filter-209 portfolio-filter-210 portfolio-filter-211 portfolio-filter-212 portfolio-filter-213 portfolio-filter-214 portfolio-filter-215 \">\n\t\t\t\t\t\t\t\t\t\t\t\t\t\t\t\t\t\t\t\t<a href=\"https:\/\/www.vetroresina.com\/de\/prodotti-categorie\/gmat-jmat\/\" target=\"_self\">\n\t\t\t\t\t\t\t\t\t\t\t\t\t\t\t\t\t\t\t\t<figure >\n\t\t\t\t\t\t\t\t\t\t\t<div class=\"portfolio-image\">\n\t\t\t\t\t\t\t\t\t\t\t\t<img fetchpriority=\"high\" decoding=\"async\" width=\"1058\" height=\"1497\" src=\"https:\/\/www.vetroresina.com\/wp-content\/uploads\/2020\/03\/Vetroresina_Gmat_Jmat-FR_DE-1-pdf.jpg\" class=\"attachment-full size-full wp-post-image\" alt=\"Vetroresina_Gmat_Jmat-FR_DE\" \/>\t\t\t\t\t\t\t\t\t\t\t<\/div>\n\t\t\t\t\t\t\t\t\t\t\t\t\t\t\t\t\t\t\t\t\t\t\t<figcaption>\n\t\t\t\t\t\t\t\t\t\t\t\t\t<div class=\"portfolio-caption\">\n\t\t\t\t\t\t\t\t\t\t\t\t\t\t\t\t\t\t\t\t\t\t\t\t\t\t\t\t\t<span class=\"title\">G-MAT \/ J-MAT<\/span>\n\t\t\t\t\t\t\t\t\t\t\t\t\t\t\t\t\t\t\t\t\t\t\t\t\t\t\t\t\t\t\t\t\t\t\t\t\t\t\t\t\t<\/div>\n\t\t\t\t\t\t\t\t\t\t\t\t<\/figcaption>\n\t\t\t\t\t\t\t\t\t\t\t\t\t\t\t\t\t\t\t\t\t<\/figure>\n\t\t\t\t\t\t\t\t\t\t\t\t\t\t\t\t\t\t\t\t<\/a>\n\t\t\t\t\t\t\t\t\t\t\t\t\t\t\t\t\t\t\t<\/li>\n\t\t\t\t\t\t\t\t\t\t\t\t\t\t\t\t\t\t<li class=\"portfolio-item grid-item portfolio-filter-203 portfolio-filter-204 portfolio-filter-205 portfolio-filter-206 portfolio-filter-207 portfolio-filter-208 portfolio-filter-209 portfolio-filter-211 portfolio-filter-212 portfolio-filter-213 portfolio-filter-215 \">\n\t\t\t\t\t\t\t\t\t\t\t\t\t\t\t\t\t\t\t\t<a href=\"https:\/\/www.vetroresina.com\/de\/prodotti-categorie\/g-force-j-force\/\" target=\"_self\">\n\t\t\t\t\t\t\t\t\t\t\t\t\t\t\t\t\t\t\t\t<figure >\n\t\t\t\t\t\t\t\t\t\t\t<div class=\"portfolio-image\">\n\t\t\t\t\t\t\t\t\t\t\t\t<img decoding=\"async\" width=\"1058\" height=\"1497\" src=\"https:\/\/www.vetroresina.com\/wp-content\/uploads\/2022\/07\/Vetroresina_Gforce_Jforce_FR_DE-1-pdf.jpg\" class=\"attachment-full size-full wp-post-image\" alt=\"Vetroresina_Gforce_Jforce_FR_DE\" \/>\t\t\t\t\t\t\t\t\t\t\t<\/div>\n\t\t\t\t\t\t\t\t\t\t\t\t\t\t\t\t\t\t\t\t\t\t\t<figcaption>\n\t\t\t\t\t\t\t\t\t\t\t\t\t<div class=\"portfolio-caption\">\n\t\t\t\t\t\t\t\t\t\t\t\t\t\t\t\t\t\t\t\t\t\t\t\t\t\t\t\t\t<span class=\"title\">G-FORCE\/J-FORCE<\/span>\n\t\t\t\t\t\t\t\t\t\t\t\t\t\t\t\t\t\t\t\t\t\t\t\t\t\t\t\t\t\t\t\t\t\t\t\t\t\t\t\t\t<\/div>\n\t\t\t\t\t\t\t\t\t\t\t\t<\/figcaption>\n\t\t\t\t\t\t\t\t\t\t\t\t\t\t\t\t\t\t\t\t\t<\/figure>\n\t\t\t\t\t\t\t\t\t\t\t\t\t\t\t\t\t\t\t\t<\/a>\n\t\t\t\t\t\t\t\t\t\t\t\t\t\t\t\t\t\t\t<\/li>\n\t\t\t\t\t\t\t\t\t\t\t\t\t\t\t\t\t\t<li class=\"portfolio-item grid-item portfolio-filter-203 portfolio-filter-208 portfolio-filter-209 portfolio-filter-224 portfolio-filter-210 portfolio-filter-212 portfolio-filter-214 portfolio-filter-215 \">\n\t\t\t\t\t\t\t\t\t\t\t\t\t\t\t\t\t\t\t\t<a href=\"https:\/\/www.vetroresina.com\/de\/prodotti-categorie\/vetroskin-levant-e-vetroskin-delta\/\" target=\"_self\">\n\t\t\t\t\t\t\t\t\t\t\t\t\t\t\t\t\t\t\t\t<figure >\n\t\t\t\t\t\t\t\t\t\t\t<div class=\"portfolio-image\">\n\t\t\t\t\t\t\t\t\t\t\t\t<img loading=\"lazy\" decoding=\"async\" width=\"1058\" height=\"1497\" src=\"https:\/\/www.vetroresina.com\/wp-content\/uploads\/2022\/03\/Vetroresina_Vetroskin_Levant_Delta_FR_DE-1-pdf.jpg\" class=\"attachment-full size-full wp-post-image\" alt=\"Vetroresina_Vetroskin_Levant_Delta_FR_DE\" \/>\t\t\t\t\t\t\t\t\t\t\t<\/div>\n\t\t\t\t\t\t\t\t\t\t\t\t\t\t\t\t\t\t\t\t\t\t\t<figcaption>\n\t\t\t\t\t\t\t\t\t\t\t\t\t<div class=\"portfolio-caption\">\n\t\t\t\t\t\t\t\t\t\t\t\t\t\t\t\t\t\t\t\t\t\t\t\t\t\t\t\t\t<span class=\"title\">VETROSKIN LEVANT \/ VETROSKIN DELTA<\/span>\n\t\t\t\t\t\t\t\t\t\t\t\t\t\t\t\t\t\t\t\t\t\t\t\t\t\t\t\t\t\t\t\t\t\t\t\t\t\t\t\t\t<\/div>\n\t\t\t\t\t\t\t\t\t\t\t\t<\/figcaption>\n\t\t\t\t\t\t\t\t\t\t\t\t\t\t\t\t\t\t\t\t\t<\/figure>\n\t\t\t\t\t\t\t\t\t\t\t\t\t\t\t\t\t\t\t\t<\/a>\n\t\t\t\t\t\t\t\t\t\t\t\t\t\t\t\t\t\t\t<\/li>\n\t\t\t\t\t\t\t\t\t\t\t\t\t\t\t\t\t\t<li class=\"portfolio-item grid-item portfolio-filter-209 portfolio-filter-210 portfolio-filter-212 portfolio-filter-215 \">\n\t\t\t\t\t\t\t\t\t\t\t\t\t\t\t\t\t\t\t\t<a href=\"https:\/\/www.vetroresina.com\/de\/prodotti-categorie\/vetro-grip\/\" target=\"_self\">\n\t\t\t\t\t\t\t\t\t\t\t\t\t\t\t\t\t\t\t\t<figure >\n\t\t\t\t\t\t\t\t\t\t\t<div class=\"portfolio-image\">\n\t\t\t\t\t\t\t\t\t\t\t\t<img loading=\"lazy\" decoding=\"async\" width=\"1058\" height=\"1497\" src=\"https:\/\/www.vetroresina.com\/wp-content\/uploads\/2022\/03\/Vetroresina_Vetro_Grip-V-Streme-FR_DE-1-pdf.jpg\" class=\"attachment-full size-full wp-post-image\" alt=\"Vetroresina_Vetro_Grip-V-Streme-FR_DE\" \/>\t\t\t\t\t\t\t\t\t\t\t<\/div>\n\t\t\t\t\t\t\t\t\t\t\t\t\t\t\t\t\t\t\t\t\t\t\t<figcaption>\n\t\t\t\t\t\t\t\t\t\t\t\t\t<div class=\"portfolio-caption\">\n\t\t\t\t\t\t\t\t\t\t\t\t\t\t\t\t\t\t\t\t\t\t\t\t\t\t\t\t\t<span class=\"title\">V-STREME &#038; VETRO-GRIP<\/span>\n\t\t\t\t\t\t\t\t\t\t\t\t\t\t\t\t\t\t\t\t\t\t\t\t\t\t\t\t\t\t\t\t\t\t\t\t\t\t\t\t\t<\/div>\n\t\t\t\t\t\t\t\t\t\t\t\t<\/figcaption>\n\t\t\t\t\t\t\t\t\t\t\t\t\t\t\t\t\t\t\t\t\t<\/figure>\n\t\t\t\t\t\t\t\t\t\t\t\t\t\t\t\t\t\t\t\t<\/a>\n\t\t\t\t\t\t\t\t\t\t\t\t\t\t\t\t\t\t\t<\/li>\n\t\t\t\t\t\t\t\t\t<\/ul><\/div>\t\t\t\t<\/div>\n\t\t\t\t<\/div>\n\t\t\t\t\t<\/div>\n\t\t<\/div>\n\t\t\t\t\t<\/div>\n\t\t<\/section>\n\t\t\t\t<\/div>\n\t\t","protected":false},"excerpt":{"rendered":"<p>T\u00dcREN ZUR\u00dcCK ZU DEN PRODUKTEN G-MAT \/ J-MAT &nbsp; G-FORCE\/J-FORCE &nbsp; VETRO-MAT LD\/VETRO-FORCE LD\/VETRO-LITE &nbsp; VETRO GUARDIAN &nbsp; W\u00c4NDE G-MAT \/ J-MAT &nbsp; G-FORCE\/J-FORCE &nbsp; VETRO GUARDIAN &nbsp; VETROWING &nbsp; OBERSEITE BODEN G-MAT \/ J-MAT &nbsp; G-FORCE\/J-FORCE &nbsp; VETROSKIN LEVANT \/ VETROSKIN DELTA &nbsp; VETRO-GRIP &nbsp;<\/p>\n","protected":false},"author":3,"featured_media":81293,"parent":82741,"menu_order":76,"comment_status":"closed","ping_status":"closed","template":"","meta":{"_vp_format_video_url":"","_vp_image_focal_point":[],"footnotes":""},"class_list":["post-82868","page","type-page","status-publish","has-post-thumbnail","hentry"],"_links":{"self":[{"href":"https:\/\/www.vetroresina.com\/de\/wp-json\/wp\/v2\/pages\/82868","targetHints":{"allow":["GET"]}}],"collection":[{"href":"https:\/\/www.vetroresina.com\/de\/wp-json\/wp\/v2\/pages"}],"about":[{"href":"https:\/\/www.vetroresina.com\/de\/wp-json\/wp\/v2\/types\/page"}],"author":[{"embeddable":true,"href":"https:\/\/www.vetroresina.com\/de\/wp-json\/wp\/v2\/users\/3"}],"replies":[{"embeddable":true,"href":"https:\/\/www.vetroresina.com\/de\/wp-json\/wp\/v2\/comments?post=82868"}],"version-history":[{"count":0,"href":"https:\/\/www.vetroresina.com\/de\/wp-json\/wp\/v2\/pages\/82868\/revisions"}],"up":[{"embeddable":true,"href":"https:\/\/www.vetroresina.com\/de\/wp-json\/wp\/v2\/pages\/82741"}],"wp:featuredmedia":[{"embeddable":true,"href":"https:\/\/www.vetroresina.com\/de\/wp-json\/wp\/v2\/media\/81293"}],"wp:attachment":[{"href":"https:\/\/www.vetroresina.com\/de\/wp-json\/wp\/v2\/media?parent=82868"}],"curies":[{"name":"wp","href":"https:\/\/api.w.org\/{rel}","templated":true}]}}